{"id":1605,"date":"2021-03-20T11:06:51","date_gmt":"2021-03-20T11:06:51","guid":{"rendered":"https:\/\/vlxdquedong.vn\/?page_id=1605"},"modified":"2025-04-04T18:08:02","modified_gmt":"2025-04-04T18:08:02","slug":"san-lap-cong-trinh","status":"publish","type":"page","link":"https:\/\/vlxdquedong.vn\/?page_id=1605","title":{"rendered":"San L\u1ea5p C\u00f4ng Tr\u00ecnh"},"content":{"rendered":"\t\t<div data-elementor-type=\"wp-page\" data-elementor-id=\"1605\" class=\"elementor elementor-1605\">\n\t\t\t\t\t\t<div class=\"elementor-inner\">\n\t\t\t\t<div class=\"elementor-section-wrap\">\n\t\t\t\t\t\t\t\t\t<section class=\"elementor-section elementor-top-section elementor-element elementor-element-2ed1703 elementor-section-boxed elementor-section-height-default elementor-section-height-default\" data-id=\"2ed1703\" data-element_type=\"section\" data-settings=\"{&quot;jet_parallax_layout_list&quot;:[]}\">\n\t\t\t\t\t\t<div class=\"elementor-container elementor-column-gap-default\">\n\t\t\t\t\t\t\t<div class=\"elementor-row\">\n\t\t\t\t\t<div class=\"elementor-column elementor-col-100 elementor-top-column elementor-element elementor-element-061260e\" data-id=\"061260e\" data-element_type=\"column\">\n\t\t\t<div class=\"elementor-column-wrap elementor-element-populated\">\n\t\t\t\t\t\t\t<div class=\"elementor-widget-wrap\">\n\t\t\t\t\t\t<div class=\"elementor-element elementor-element-40c48af elementor-widget elementor-widget-html\" data-id=\"40c48af\" data-element_type=\"widget\" data-widget_type=\"html.default\">\n\t\t\t\t<div class=\"elementor-widget-container\">\n\t\t\t<style>\r\n\r\n\r\n  html, body {\r\n    margin: 0 !important;\r\n    padding: 0 !important;\r\n    background-color: #111 !important;\r\n    color: #fff;\r\n    font-family: Arial, sans-serif;\r\n  }\r\n\r\n  \/* Remove top spacing from common WordPress elements *\/\r\n  header,\r\n  section,\r\n  .wp-block-group,\r\n  .wp-block-cover,\r\n  .wp-block-columns,\r\n  .entry-content > *:first-child {\r\n    margin-top: 0 !important;\r\n    padding-top: 0 !important;\r\n  }\r\n\r\n  \/* Layout container *\/\r\n  .container {\r\n    display: flex;\r\n    justify-content: space-between;\r\n    align-items: flex-start;\r\n    padding: 0;\r\n    gap: 30px;\r\n  }\r\n\r\n  \/* Left (image) section *\/\r\n  .left {\r\n    flex: 2;\r\n    display: flex;\r\n    align-items: center;\r\n    justify-content: center;\r\n  }\r\n\r\n  .left img {\r\n    max-width: 100%;\r\n    border-radius: 10px;\r\n  }\r\n\r\n  \/* Right (text) section *\/\r\n  .right {\r\n    flex: 1.5;\r\n    display: flex;\r\n    flex-direction: column;\r\n    justify-content: flex-start;\r\n    color: #fff;\r\n  }\r\n\r\n  .right h2 {\r\n    font-size: 28px;\r\n    margin: 0;\r\n    color: #00f;\r\n  }\r\n\r\n  .right h3 {\r\n    font-size: 20px;\r\n    margin: 5px 0;\r\n    line-height: 1.2;\r\n  }\r\n\r\n  .right p {\r\n    font-size: 16px;\r\n    line-height: 1.5;\r\n    margin: 10px 0;\r\n    color: #bbb;\r\n  }\r\n\r\n  \/* Hotline & Contact *\/\r\n  .hotline-section {\r\n    display: flex;\r\n    align-items: center;\r\n    justify-content: space-between;\r\n    margin-top: 20px;\r\n    gap: 20px;\r\n  }\r\n\r\n  .hotline {\r\n    flex: 2;\r\n    font-size: 14px;\r\n    line-height: 1.8;\r\n    color: #fff;\r\n  }\r\n\r\n  .contact-button {\r\n    flex: 1;\r\n    background-color: transparent;\r\n    color: #5BB3E0;\r\n    border: 1px solid #5BB3E0;\r\n    padding: 8px 16px;\r\n    border-radius: 5px;\r\n    text-decoration: none;\r\n    font-size: 14px;\r\n    cursor: pointer;\r\n    text-align: center;\r\n    transition: background-color 0.3s, color 0.3s;\r\n  }\r\n\r\n  .contact-button:hover {\r\n    background-color: #5BB3E0;\r\n    color: #fff;\r\n  }\r\n\r\n  \/* Step title styles *\/\r\n  #step-title {\r\n    font-family: Helvetica, sans-serif;\r\n    font-size: 20px;\r\n    color: #5BB3E0;\r\n  }\r\n\r\n  #step-subtitle {\r\n    font-family: Helvetica, sans-serif;\r\n    font-size: 60px;\r\n    font-weight: bold;\r\n    color: #fff;\r\n  }\r\n\r\n  \/* Thumbnail styles *\/\r\n  .thumbnail-container {\r\n    margin-top: 30px;\r\n  }\r\n\r\n  .thumbnail-header {\r\n    display: flex;\r\n    justify-content: flex-end;\r\n    gap: 10px;\r\n    margin-bottom: 10px;\r\n  }\r\n\r\n  .arrow {\r\n    background: transparent;\r\n    border: none;\r\n    font-size: 24px;\r\n    color: #5BB3E0;\r\n    cursor: pointer;\r\n  }\r\n\r\n  .thumbnails {\r\n    display: flex;\r\n    overflow: hidden;\r\n    scroll-behavior: smooth;\r\n    gap: 20px;\r\n  }\r\n\r\n  .thumbnail-item {\r\n    flex: 0 0 45%;\r\n  }\r\n\r\n  .thumbnail-item img {\r\n    width: 100%;\r\n    max-height: 260px;\r\n    object-fit: cover;\r\n    border-radius: 5px;\r\n    cursor: pointer;\r\n    transition: transform 0.3s;\r\n  }\r\n\r\n  .thumbnail-item img:hover {\r\n    transform: scale(1.05);\r\n  }\r\n\r\n  \/* Mobile Responsive Styles *\/\r\n  @media (max-width: 768px) {\r\n    .container {\r\n      flex-direction: column;\r\n      padding: 15px;\r\n      gap: 30px;\r\n    }\r\n\r\n    .right h2 {\r\n      font-size: 18px;\r\n    }\r\n\r\n    .right h3 {\r\n      font-size: 26px;\r\n    }\r\n\r\n    .right p {\r\n      font-size: 14px;\r\n    }\r\n\r\n    .hotline-section {\r\n      flex-direction: column;\r\n      align-items: flex-start;\r\n    }\r\n\r\n    .contact-button {\r\n      width: 100%;\r\n      text-align: center;\r\n    }\r\n\r\n    .thumbnail-header {\r\n      justify-content: center;\r\n    }\r\n\r\n    .thumbnails {\r\n      overflow-x: auto;\r\n      flex-wrap: nowrap;\r\n      gap: 10px;\r\n      scroll-snap-type: x mandatory;\r\n      padding-bottom: 10px;\r\n    }\r\n\r\n    .thumbnail-item {\r\n      flex: 0 0 auto;\r\n      min-width: 70%;\r\n      scroll-snap-align: center;\r\n    }\r\n\r\n    .thumbnail-item img {\r\n      max-height: 180px;\r\n    }\r\n\r\n    .arrow {\r\n      font-size: 20px;\r\n    }\r\n  }\r\n<\/style>\r\n\r\n<body>\r\n  <div class=\"container\">\r\n    <div class=\"left\">\r\n      <img decoding=\"async\" decoding=async  fetchpriority=\"high\"\r\n        id=\"main-image\"\r\n        src=\"https:\/\/ml0y6nfiizxk.i.optimole.com\/w:auto\/h:auto\/q:mauto\/f:best\/http:\/\/vlxdquedong.vn\/wp-content\/uploads\/2024\/12\/Buoc-1-1.png\"\r\n        alt=\"Main Image\"\r\n      \/>\r\n    <\/div>\r\n    <div class=\"right\">\r\n      <h2 id=\"step-title\">B\u01af\u1edaC 1<\/h2>\r\n      <h3 id=\"step-subtitle\">X\u00e1c \u0111\u1ecbnh<br \/>to\u1ea1 \u0111\u1ed9 \u0111\u1ea5t<\/h3>\r\n      <p>\r\n        Tr\u01b0\u1edbc khi Qu\u1ebf \u0110\u00f4ng nh\u1eadn 1 m\u1eb7t b\u1eb1ng, c\u1ea7n x\u00e1c \u0111\u1ecbnh \u0111\u01b0\u1ee3c ch\u00ednh x\u00e1c t\u1ecda \u0111\u1ed9 c\u1ee7a m\u1eb7t b\u1eb1ng trong s\u1ed5 \u0111\u1ea5t, \u0111\u1ea3m b\u1ea3o t\u00ednh ph\u00e1p l\u00ed, h\u1ee3p ph\u00e1p c\u1ee7a m\u1eb7t b\u1eb1ng.\r\n      <\/p>\r\n      <div class=\"hotline-section\">\r\n        <div class=\"hotline\">\r\n          <div>Hotline: +84 983 993 827<\/div>\r\n          <div>Hotline: +84 989 610 779<\/div>\r\n        <\/div>\r\n        <a href=\"https:\/\/zalo.me\/0983993827\" class=\"contact-button\">LI\u00caN H\u1ec6<\/a>\r\n      <\/div>\r\n\r\n      <!-- Thumbnails with top arrows, no text below -->\r\n      <div class=\"thumbnail-container\">\r\n        <div class=\"thumbnail-header\">\r\n          <button class=\"arrow\" onclick=\"scrollThumbnails(-1)\">\u2190<\/button>\r\n          <button class=\"arrow\" onclick=\"scrollThumbnails(1)\">\u2192<\/button>\r\n        <\/div>\r\n        <div class=\"thumbnails\" id=\"thumbnail-track\">\r\n          <div class=\"thumbnail-item\">\r\n            <img decoding=\"async\" decoding=async  fetchpriority=\"high\"\r\n              src=\"https:\/\/ml0y6nfiizxk.i.optimole.com\/w:auto\/h:auto\/q:mauto\/f:best\/http:\/\/vlxdquedong.vn\/wp-content\/uploads\/2024\/12\/Buoc-1.png\"\r\n              onclick=\"changeContent('https:\/\/ml0y6nfiizxk.i.optimole.com\/w:auto\/h:auto\/q:mauto\/f:best\/http:\/\/vlxdquedong.vn\/wp-content\/uploads\/2024\/12\/Buoc-1-1.png', 'B\u01af\u1edaC 1', 'X\u00e1c \u0111\u1ecbnh<br>to\u1ea1 \u0111\u1ed9 \u0111\u1ea5t', 'Tr\u01b0\u1edbc khi Qu\u1ebf \u0110\u00f4ng nh\u1eadn 1 m\u1eb7t b\u1eb1ng, c\u1ea7n x\u00e1c \u0111\u1ecbnh \u0111\u01b0\u1ee3c ch\u00ednh x\u00e1c t\u1ecda \u0111\u1ed9 c\u1ee7a m\u1eb7t b\u1eb1ng trong s\u1ed5 \u0111\u1ea5t, \u0111\u1ea3m b\u1ea3o t\u00ednh ph\u00e1p l\u00ed, h\u1ee3p ph\u00e1p c\u1ee7a m\u1eb7t b\u1eb1ng.')\"\r\n            \/>\r\n          <\/div>\r\n          <div class=\"thumbnail-item\">\r\n            <img decoding=\"async\" decoding=async  fetchpriority=\"high\"\r\n              src=\"https:\/\/ml0y6nfiizxk.i.optimole.com\/w:auto\/h:auto\/q:mauto\/f:best\/http:\/\/vlxdquedong.vn\/wp-content\/uploads\/2024\/12\/Buoc-2-1.png\"\r\n              onclick=\"changeContent('https:\/\/ml0y6nfiizxk.i.optimole.com\/w:auto\/h:auto\/q:mauto\/f:best\/http:\/\/vlxdquedong.vn\/wp-content\/uploads\/2024\/12\/Buoc-2.png', 'B\u01af\u1edaC 2', 'X\u00e1c \u0111\u1ecbnh m\u1eb7t b\u1eb1ng<br>v\u00e0 \u0111o \u0111\u1ea1c di\u1ec7n t\u00edch', 'Sau khi x\u00e1c \u0111\u1ecbnh t\u1ecda \u0111\u1ed9, c\u1ea7n \u0111o \u0111\u1ea1c ch\u00ednh x\u00e1c di\u1ec7n t\u00edch th\u1ef1c t\u1ebf c\u1ee7a m\u1eb7t b\u1eb1ng.')\"\r\n            \/>\r\n          <\/div>\r\n          <div class=\"thumbnail-item\">\r\n            <img decoding=\"async\" decoding=async  data-opt-src=\"https:\/\/ml0y6nfiizxk.i.optimole.com\/w:auto\/h:auto\/q:mauto\/f:best\/http:\/\/vlxdquedong.vn\/wp-content\/uploads\/2024\/12\/Buoc-3-1-1.png\" \r\n              src=\"https:\/\/ml0y6nfiizxk.i.optimole.com\/w:auto\/h:auto\/q:eco\/f:best\/http:\/\/vlxdquedong.vn\/wp-content\/uploads\/2024\/12\/Buoc-3-1-1.png\"\r\n              onclick=\"changeContent('https:\/\/ml0y6nfiizxk.i.optimole.com\/w:auto\/h:auto\/q:mauto\/f:best\/http:\/\/vlxdquedong.vn\/wp-content\/uploads\/2024\/12\/Buoc-3.png', 'B\u01af\u1edaC 3', 'B\u00e1o gi\u00e1 m\u1eb7t b\u1eb1ng<br>s\u1eb5n l\u1eadp', 'Cu\u1ed1i c\u00f9ng, ti\u1ebfn h\u00e0nh l\u1eadp b\u00e1o gi\u00e1 cho m\u1eb7t b\u1eb1ng \u0111\u00e3 \u0111o \u0111\u1ea1c.')\"\r\n            \/>\r\n          <\/div>\r\n          <div class=\"thumbnail-item\">\r\n            <img decoding=\"async\" decoding=async  data-opt-src=\"https:\/\/ml0y6nfiizxk.i.optimole.com\/w:auto\/h:auto\/q:mauto\/f:best\/http:\/\/vlxdquedong.vn\/wp-content\/uploads\/2025\/04\/Buoc-4-1.png\" \r\n              src=\"https:\/\/ml0y6nfiizxk.i.optimole.com\/w:auto\/h:auto\/q:eco\/f:best\/http:\/\/vlxdquedong.vn\/wp-content\/uploads\/2025\/04\/Buoc-4-1.png\"\r\n              onclick=\"changeContent('https:\/\/ml0y6nfiizxk.i.optimole.com\/w:auto\/h:auto\/q:mauto\/f:best\/http:\/\/vlxdquedong.vn\/wp-content\/uploads\/2025\/04\/Buoc-4-2.png', 'B\u01af\u1edaC 4', 'Quy tr\u00ecnh<br>san l\u1ea5p', `- Thu d\u1ecdn hi\u1ec7n tr\u01b0\u1eddng: gi\u00fap lo\u1ea1i b\u1ecf nh\u1eefng ch\u01b0\u1edbng ng\u1ea1i v\u1eadt nh\u01b0 c\u00e2y c\u1ed1i, \u0111\u1ed3 \u0111\u1ea1c c\u00f2n s\u00f3t l\u1ea1i \u1edf m\u1eb7t b\u1eb1ng.<br>- Lo\u1ea1i b\u1ecf l\u1edbp \u0111\u1ea5t tr\u00ean c\u00f9ng: L\u1edbp tr\u00ean c\u00f9ng c\u1ee7a \u0111\u1ea5t th\u01b0\u1eddng ch\u1ee9a nh\u1eefng s\u1ecfi, r\u00e1c li ti, \u0111\u1ec3 gi\u00fap cho nh\u1eefng b\u01b0\u1edbc ti\u1ebfp theo d\u1ec5 d\u00e0ng h\u01a1n.<br>- \u0110\u00e0o \u0111\u1ea5t: Khi \u0111\u00e0o \u0111\u1ea5t ph\u1ea3i \u0111\u1ea3m b\u1ea3o \u0111\u1ed9 s\u00e2u theo b\u1ea3n v\u1ebd, h\u1ee3p \u0111\u1ed3ng tr\u01b0\u1edbc \u0111\u00f3 v\u1edbi ch\u1ee7 nh\u00e0.<br>- \u0110\u1eafp \u0111\u1ea5t: \u0110\u00e2y l\u00e0 b\u01b0\u1edbc quan tr\u1ecdng \u0111\u1ec3 ho\u00e0n th\u00e0nh m\u1eb7t b\u1eb1ng, \u0111\u1ea3m b\u1ea3o to\u00e0n b\u1ed9 hi\u1ec7n tr\u01b0\u1eddng \u0111\u1ec1u \u0111\u01b0\u1ee3c \u0111\u1eafp l\u1ea1i, gi\u00fap tr\u00e1nh vi\u1ec7c \u0111\u1ea5t d\u1ec5 b\u1ecb x\u1ed1p hay b\u1ecb s\u00f3i m\u00f2n ph\u1ea3i \u0111\u1eafp \u0111i \u0111\u1eafp l\u1ea1i nhi\u1ec1u l\u1ea7n.<br>- D\u1ea7m: Sau khi l\u1ea5p to\u00e0n b\u1ed9 \u0111\u1ea5t m\u1edbi l\u00ean, c\u00f4ng t\u00e1c d\u1ea7m l\u00e0 b\u01b0\u1edbc cu\u1ed1i c\u00f9ng \u0111\u1ec3 chu\u1ea9n b\u1ecb b\u00e0n giao cho ch\u1ee7 nh\u00e0.`)\"\r\n            \/>\r\n          <\/div>\r\n          <div class=\"thumbnail-item\">\r\n            <img decoding=\"async\" decoding=async  data-opt-src=\"https:\/\/ml0y6nfiizxk.i.optimole.com\/w:auto\/h:auto\/q:mauto\/f:best\/http:\/\/vlxdquedong.vn\/wp-content\/uploads\/2025\/04\/Buoc-5.png\" \r\n              src=\"https:\/\/ml0y6nfiizxk.i.optimole.com\/w:auto\/h:auto\/q:eco\/f:best\/http:\/\/vlxdquedong.vn\/wp-content\/uploads\/2025\/04\/Buoc-5.png\"\r\n              onclick=\"changeContent('https:\/\/ml0y6nfiizxk.i.optimole.com\/w:auto\/h:auto\/q:mauto\/f:best\/http:\/\/vlxdquedong.vn\/wp-content\/uploads\/2025\/04\/Buoc-5-1.png', 'B\u01af\u1edaC 5', 'Nghi\u1ec7m thu<br>v\u00e0 b\u00e0n giao', 'Ki\u1ec3m tra \u0111\u1ed9 d\u1ed1c ngang d\u1ecdc c\u1ee7a kh\u1ed1ng cao \u0111\u1ed9 m\u1eb7t n\u1ec1n, ch\u1ea5t l\u01b0\u1ee3ng \u0111\u1eafp n\u1ec1n v\u00e0 kh\u1ed1i l\u01b0\u1ee3ng kh\u00f4. Q\u0110 lu\u00f4n ch\u1ec9nh chu, c\u1ea9n th\u1eadn ki\u1ec3m tra t\u1eebng giai \u0111o\u1ea1n san l\u1ea5p \u0111\u1ec3 \u0111\u1ea3m b\u1ea3o ti\u1ebfn \u0111\u1ed9 b\u00e0n giao cho kh\u00e1ch h\u00e0ng.')\"\r\n            \/>\r\n          <\/div>\r\n        <\/div>\r\n      <\/div>\r\n    <\/div>\r\n  <\/div>\r\n\r\n  <script>\r\n    function changeContent(imageSrc, title, subtitle, description) {\r\n      const mainImage = document.getElementById(\"main-image\");\r\n      const stepTitle = document.querySelector(\".right h2\");\r\n      const stepSubtitle = document.querySelector(\".right h3\");\r\n      const stepDescription = document.querySelector(\".right p\");\r\n\r\n      mainImage.style.opacity = \"0\";\r\n      stepTitle.style.opacity = \"0\";\r\n      stepSubtitle.style.opacity = \"0\";\r\n      stepDescription.style.opacity = \"0\";\r\n\r\n      setTimeout(() => {\r\n        mainImage.src = imageSrc;\r\n        stepTitle.innerHTML = title;\r\n        stepSubtitle.innerHTML = subtitle;\r\n        stepDescription.innerHTML = description;\r\n\r\n        mainImage.style.opacity = \"1\";\r\n        stepTitle.style.opacity = \"1\";\r\n        stepSubtitle.style.opacity = \"1\";\r\n        stepDescription.style.opacity = \"1\";\r\n      }, 500);\r\n    }\r\n\r\n    let scrollIndex = 0;\r\n    const visibleItems = 2;\r\n\r\n    function scrollThumbnails(direction) {\r\n      const track = document.getElementById(\"thumbnail-track\");\r\n      const items = track.children.length;\r\n      const itemWidth = track.children[0].offsetWidth + 20;\r\n\r\n      scrollIndex += direction;\r\n      if (scrollIndex < 0) scrollIndex = 0;\r\n      if (scrollIndex > items - visibleItems) scrollIndex = items - visibleItems;\r\n\r\n      const scrollAmount = scrollIndex * itemWidth;\r\n      track.scrollTo({ left: scrollAmount, behavior: \"smooth\" });\r\n    }\r\n  <\/script>\r\n<\/body>\r\n\t\t<\/div>\n\t\t\t\t<\/div>\n\t\t\t\t\t\t<\/div>\n\t\t\t\t\t<\/div>\n\t\t<\/div>\n\t\t\t\t\t\t\t\t<\/div>\n\t\t\t\t\t<\/div>\n\t\t<\/section>\n\t\t\t\t\t\t\t\t\t<\/div>\n\t\t\t<\/div>\n\t\t\t\t\t<\/div>\n\t\t","protected":false},"excerpt":{"rendered":"<p>B\u01af\u1edaC 1 X\u00e1c \u0111\u1ecbnhto\u1ea1 \u0111\u1ed9 \u0111\u1ea5t Tr\u01b0\u1edbc khi Qu\u1ebf \u0110\u00f4ng nh\u1eadn 1 m\u1eb7t b\u1eb1ng, c\u1ea7n x\u00e1c \u0111\u1ecbnh \u0111\u01b0\u1ee3c ch\u00ednh x\u00e1c t\u1ecda \u0111\u1ed9 c\u1ee7a m\u1eb7t b\u1eb1ng trong s\u1ed5 \u0111\u1ea5t, \u0111\u1ea3m b\u1ea3o t\u00ednh ph\u00e1p l\u00ed, h\u1ee3p ph\u00e1p c\u1ee7a m\u1eb7t b\u1eb1ng. Hotline: +84 983 993 827 Hotline: +84 989 610 779 LI\u00caN H\u1ec6 \u2190 \u2192<\/p>\n","protected":false},"author":1,"featured_media":0,"parent":0,"menu_order":0,"comment_status":"closed","ping_status":"closed","template":"elementor_header_footer","meta":{"_acf_changed":false,"_jet_sm_ready_style":"","_jet_sm_style":"","_jet_sm_controls_values":"","_jet_sm_fonts_collection":"","_jet_sm_fonts_links":"","footnotes":""},"class_list":["post-1605","page","type-page","status-publish","hentry","entry","owp-thumbs-layout-horizontal","owp-btn-normal","owp-tabs-layout-horizontal","has-no-thumbnails","has-product-nav"],"acf":[],"jetpack_sharing_enabled":true,"_links":{"self":[{"href":"https:\/\/vlxdquedong.vn\/index.php?rest_route=\/wp\/v2\/pages\/1605","targetHints":{"allow":["GET"]}}],"collection":[{"href":"https:\/\/vlxdquedong.vn\/index.php?rest_route=\/wp\/v2\/pages"}],"about":[{"href":"https:\/\/vlxdquedong.vn\/index.php?rest_route=\/wp\/v2\/types\/page"}],"author":[{"embeddable":true,"href":"https:\/\/vlxdquedong.vn\/index.php?rest_route=\/wp\/v2\/users\/1"}],"replies":[{"embeddable":true,"href":"https:\/\/vlxdquedong.vn\/index.php?rest_route=%2Fwp%2Fv2%2Fcomments&post=1605"}],"version-history":[{"count":112,"href":"https:\/\/vlxdquedong.vn\/index.php?rest_route=\/wp\/v2\/pages\/1605\/revisions"}],"predecessor-version":[{"id":5952,"href":"https:\/\/vlxdquedong.vn\/index.php?rest_route=\/wp\/v2\/pages\/1605\/revisions\/5952"}],"wp:attachment":[{"href":"https:\/\/vlxdquedong.vn\/index.php?rest_route=%2Fwp%2Fv2%2Fmedia&parent=1605"}],"curies":[{"name":"wp","href":"https:\/\/api.w.org\/{rel}","templated":true}]}}