{"id":6552,"date":"2025-07-23T09:56:00","date_gmt":"2025-07-23T09:56:00","guid":{"rendered":"https:\/\/vlxdquedong.vn\/?post_type=product&#038;p=6552"},"modified":"2025-07-24T08:53:20","modified_gmt":"2025-07-24T08:53:20","slug":"topaz-takao","status":"publish","type":"product","link":"https:\/\/vlxdquedong.vn\/?product=topaz-takao","title":{"rendered":"Topaz Takao"},"content":{"rendered":"<p><strong data-start=\"151\" data-end=\"220\">NG\u00d3I PH\u1eb2NG TOPAZ &#8211; TAKAO: \u0110\u1ec8NH CAO C\u1ee6A TH\u1ea8M M\u1ef8 &amp; \u0110\u1ed8 B\u1ec0N<\/strong><\/p>\n<p data-start=\"404\" data-end=\"612\"><strong data-start=\"407\" data-end=\"447\">Thi\u1ebft k\u1ebf hi\u1ec7n \u0111\u1ea1i \u2013 \u0110\u1eadm ch\u1ea5t Ch\u00e2u \u00c2u<\/strong><br data-start=\"447\" data-end=\"450\" \/>Ng\u00f3i ph\u1eb3ng Topaz s\u1edf h\u1eefu thi\u1ebft k\u1ebf tinh gi\u1ea3n, s\u1eafc n\u00e9t, t\u1ea1o n\u00ean v\u1ebb \u0111\u1eb9p sang tr\u1ecdng, hi\u1ec7n \u0111\u1ea1i v\u00e0 d\u1ec5 d\u00e0ng ph\u1ed1i h\u1ee3p v\u1edbi m\u1ecdi phong c\u00e1ch ki\u1ebfn tr\u00fac t\u1eeb bi\u1ec7t th\u1ef1 \u0111\u1ebfn nh\u00e0 ph\u1ed1.<\/p>\n<p data-start=\"614\" data-end=\"841\"><strong data-start=\"617\" data-end=\"664\">C\u00f4ng ngh\u1ec7 Nh\u1eadt B\u1ea3n \u2013 S\u1ea3n xu\u1ea5t t\u1ea1i Vi\u1ec7t Nam<\/strong><br data-start=\"664\" data-end=\"667\" \/>\u00c1p d\u1ee5ng d\u00e2y chuy\u1ec1n c\u00f4ng ngh\u1ec7 hi\u1ec7n \u0111\u1ea1i, s\u1ea3n ph\u1ea9m c\u00f3 <strong data-start=\"718\" data-end=\"774\">kh\u1ea3 n\u0103ng ch\u1ed1ng th\u1ea5m tuy\u1ec7t v\u1eddi, b\u1ec1n m\u00e0u, ch\u1ecbu l\u1ef1c cao<\/strong> v\u00e0 th\u00edch \u1ee9ng t\u1ed1t v\u1edbi \u0111i\u1ec1u ki\u1ec7n th\u1eddi ti\u1ebft kh\u1eafc nghi\u1ec7t t\u1ea1i Vi\u1ec7t Nam.<\/p>\n<p data-start=\"843\" data-end=\"1007\"><strong data-start=\"846\" data-end=\"883\">M\u00e0u s\u1eafc \u0111a d\u1ea1ng \u2013 Gi\u1eef m\u00e0u b\u1ec1n l\u00e2u<\/strong><br data-start=\"883\" data-end=\"886\" \/>Ng\u00f3i Topaz c\u00f3 nhi\u1ec1u m\u00e0u th\u1eddi th\u01b0\u1ee3ng nh\u01b0 x\u00e1m \u0111\u00e1, \u0111en tuy\u1ec1n, n\u00e2u \u0111\u1ea5t, \u0111\u1ecf g\u1ea1ch&#8230; \u0111\u00e1p \u1ee9ng m\u1ecdi s\u1edf th\u00edch v\u00e0 xu h\u01b0\u1edbng thi\u1ebft k\u1ebf.<\/p>\n<p data-start=\"1009\" data-end=\"1195\"><strong data-start=\"1012\" data-end=\"1050\">Gi\u1ea3i ph\u00e1p kinh t\u1ebf \u2013 \u0110\u1ea7u t\u01b0 l\u00e2u d\u00e0i<\/strong><br data-start=\"1050\" data-end=\"1053\" \/>V\u1edbi \u0111\u1ed9 b\u1ec1n l\u00ean \u0111\u1ebfn h\u00e0ng ch\u1ee5c n\u0103m, ng\u00f3i Takao Topaz gi\u00fap b\u1ea1n <strong data-start=\"1113\" data-end=\"1142\">ti\u1ebft ki\u1ec7m chi ph\u00ed b\u1ea3o tr\u00ec<\/strong>, l\u00e0 s\u1ef1 l\u1ef1a ch\u1ecdn t\u1ed1i \u01b0u v\u1ec1 c\u1ea3 ch\u1ea5t l\u01b0\u1ee3ng l\u1eabn kinh t\u1ebf.<\/p>\n<p>&nbsp;<\/p>\n","protected":false},"excerpt":{"rendered":"<p>NG\u00d3I PH\u1eb2NG TOPAZ &#8211; TAKAO: \u0110\u1ec8NH CAO C\u1ee6A TH\u1ea8M M\u1ef8 &amp; \u0110\u1ed8 B\u1ec0N Thi\u1ebft k\u1ebf hi\u1ec7n \u0111\u1ea1i \u2013 \u0110\u1eadm ch\u1ea5t Ch\u00e2u \u00c2uNg\u00f3i ph\u1eb3ng Topaz s\u1edf h\u1eefu thi\u1ebft k\u1ebf tinh gi\u1ea3n, s\u1eafc n\u00e9t, t\u1ea1o n\u00ean v\u1ebb \u0111\u1eb9p sang tr\u1ecdng, hi\u1ec7n \u0111\u1ea1i v\u00e0 d\u1ec5 d\u00e0ng ph\u1ed1i h\u1ee3p v\u1edbi m\u1ecdi phong c\u00e1ch ki\u1ebfn tr\u00fac t\u1eeb bi\u1ec7t th\u1ef1 \u0111\u1ebfn [&hellip;]<\/p>\n","protected":false},"featured_media":6553,"comment_status":"open","ping_status":"closed","template":"","meta":{"_acf_changed":false,"_jet_sm_ready_style":"","_jet_sm_style":"","_jet_sm_controls_values":"","_jet_sm_fonts_collection":"","_jet_sm_fonts_links":""},"product_cat":[442],"product_tag":[416],"child-category":[676],"parent-category":[405],"class_list":{"0":"post-6552","1":"product","2":"type-product","3":"status-publish","4":"has-post-thumbnail","6":"product_cat-ngoi-phang","7":"product_tag-dat-nung-trang-men","8":"child-category-ngoi-trang-men","9":"parent-category-ngoi","11":"entry","12":"has-media","14":"first","15":"instock","16":"shipping-taxable","17":"product-type-simple","18":"has-product-nav","19":"col","20":"span_1_of_3","21":"owp-content-center","22":"owp-thumbs-layout-horizontal","23":"owp-btn-normal","24":"owp-tabs-layout-horizontal"},"acf":[],"jetpack_sharing_enabled":true,"_links":{"self":[{"href":"https:\/\/vlxdquedong.vn\/index.php?rest_route=\/wp\/v2\/product\/6552","targetHints":{"allow":["GET"]}}],"collection":[{"href":"https:\/\/vlxdquedong.vn\/index.php?rest_route=\/wp\/v2\/product"}],"about":[{"href":"https:\/\/vlxdquedong.vn\/index.php?rest_route=\/wp\/v2\/types\/product"}],"replies":[{"embeddable":true,"href":"https:\/\/vlxdquedong.vn\/index.php?rest_route=%2Fwp%2Fv2%2Fcomments&post=6552"}],"wp:featuredmedia":[{"embeddable":true,"href":"https:\/\/vlxdquedong.vn\/index.php?rest_route=\/wp\/v2\/media\/6553"}],"wp:attachment":[{"href":"https:\/\/vlxdquedong.vn\/index.php?rest_route=%2Fwp%2Fv2%2Fmedia&parent=6552"}],"wp:term":[{"taxonomy":"product_cat","embeddable":true,"href":"https:\/\/vlxdquedong.vn\/index.php?rest_route=%2Fwp%2Fv2%2Fproduct_cat&post=6552"},{"taxonomy":"product_tag","embeddable":true,"href":"https:\/\/vlxdquedong.vn\/index.php?rest_route=%2Fwp%2Fv2%2Fproduct_tag&post=6552"},{"taxonomy":"child-category","embeddable":true,"href":"https:\/\/vlxdquedong.vn\/index.php?rest_route=%2Fwp%2Fv2%2Fchild-category&post=6552"},{"taxonomy":"parent-category","embeddable":true,"href":"https:\/\/vlxdquedong.vn\/index.php?rest_route=%2Fwp%2Fv2%2Fparent-category&post=6552"}],"curies":[{"name":"wp","href":"https:\/\/api.w.org\/{rel}","templated":true}]}}