{"id":6574,"date":"2025-07-24T08:53:42","date_gmt":"2025-07-24T08:53:42","guid":{"rendered":"https:\/\/vlxdquedong.vn\/?post_type=product&#038;p=6574"},"modified":"2025-07-29T09:19:36","modified_gmt":"2025-07-29T09:19:36","slug":"my-xuan-25","status":"publish","type":"product","link":"https:\/\/vlxdquedong.vn\/?product=my-xuan-25","title":{"rendered":"M\u1ef9 Xu\u00e2n"},"content":{"rendered":"<p data-start=\"66\" data-end=\"121\"><strong data-start=\"66\" data-end=\"121\">Ng\u00f3i 22 M\u1ef9 Xu\u00e2n \u2013 L\u1ef1a ch\u1ecdn b\u1ec1n v\u1eefng cho m\u00e1i \u1ea5m Vi\u1ec7t<\/strong><\/p>\n<p data-start=\"123\" data-end=\"472\">Ng\u00f3i 22 M\u1ef9 Xu\u00e2n l\u00e0 d\u00f2ng s\u1ea3n ph\u1ea9m truy\u1ec1n th\u1ed1ng, \u0111\u01b0\u1ee3c s\u1ea3n xu\u1ea5t t\u1ea1i Nh\u00e0 m\u00e1y g\u1ea1ch ng\u00f3i M\u1ef9 Xu\u00e2n \u2013 m\u1ed9t th\u01b0\u01a1ng hi\u1ec7u uy t\u00edn l\u00e2u n\u0103m trong ng\u00e0nh v\u1eadt li\u1ec7u x\u00e2y d\u1ef1ng. V\u1edbi k\u00edch th\u01b0\u1edbc ti\u00eau chu\u1ea9n, thi\u1ebft k\u1ebf d\u1ea1ng s\u00f3ng c\u1ed5 \u0111i\u1ec3n v\u00e0 m\u00e0u s\u1eafc b\u1ec1n \u0111\u1eb9p, ng\u00f3i 22 kh\u00f4ng ch\u1ec9 \u0111\u1ea3m b\u1ea3o t\u00ednh th\u1ea9m m\u1ef9 cho m\u00e1i nh\u00e0 m\u00e0 c\u00f2n mang l\u1ea1i \u0111\u1ed9 b\u1ec1n cao, kh\u1ea3 n\u0103ng ch\u1ed1ng th\u1ea5m, ch\u1ed1ng n\u00f3ng hi\u1ec7u qu\u1ea3.<\/p>\n<p data-start=\"474\" data-end=\"706\">S\u1ea3n ph\u1ea9m \u0111\u01b0\u1ee3c nung \u1edf nhi\u1ec7t \u0111\u1ed9 cao t\u1eeb \u0111\u1ea5t s\u00e9t ch\u1ecdn l\u1ecdc, gi\u00fap ng\u00f3i \u0111\u1ea1t \u0111\u1ed9 c\u1ee9ng t\u1ed1i \u01b0u v\u00e0 kh\u1ea3 n\u0103ng ch\u1ecbu l\u1ef1c t\u1ed1t. \u0110\u00e2y l\u00e0 l\u1ef1a ch\u1ecdn l\u00fd t\u01b0\u1edfng cho nh\u1eefng c\u00f4ng tr\u00ecnh d\u00e2n d\u1ee5ng, nh\u00e0 c\u1ea5p 4, bi\u1ec7t th\u1ef1 mang phong c\u00e1ch truy\u1ec1n th\u1ed1ng ho\u1eb7c b\u00e1n c\u1ed5 \u0111i\u1ec3n.<\/p>\n<p>&nbsp;<\/p>\n","protected":false},"excerpt":{"rendered":"<p>Ng\u00f3i 22 M\u1ef9 Xu\u00e2n \u2013 L\u1ef1a ch\u1ecdn b\u1ec1n v\u1eefng cho m\u00e1i \u1ea5m Vi\u1ec7t Ng\u00f3i 22 M\u1ef9 Xu\u00e2n l\u00e0 d\u00f2ng s\u1ea3n ph\u1ea9m truy\u1ec1n th\u1ed1ng, \u0111\u01b0\u1ee3c s\u1ea3n xu\u1ea5t t\u1ea1i Nh\u00e0 m\u00e1y g\u1ea1ch ng\u00f3i M\u1ef9 Xu\u00e2n \u2013 m\u1ed9t th\u01b0\u01a1ng hi\u1ec7u uy t\u00edn l\u00e2u n\u0103m trong ng\u00e0nh v\u1eadt li\u1ec7u x\u00e2y d\u1ef1ng. V\u1edbi k\u00edch th\u01b0\u1edbc ti\u00eau chu\u1ea9n, thi\u1ebft k\u1ebf d\u1ea1ng [&hellip;]<\/p>\n","protected":false},"featured_media":6645,"comment_status":"open","ping_status":"closed","template":"","meta":{"_acf_changed":false,"_jet_sm_ready_style":"","_jet_sm_style":"","_jet_sm_controls_values":"","_jet_sm_fonts_collection":"","_jet_sm_fonts_links":""},"product_cat":[414],"product_tag":[415],"child-category":[409],"parent-category":[405],"class_list":{"0":"post-6574","1":"product","2":"type-product","3":"status-publish","4":"has-post-thumbnail","6":"product_cat-ngoi-22","7":"product_tag-dat-nung","8":"child-category-ngoi-22","9":"parent-category-ngoi","11":"entry","12":"has-media","14":"first","15":"instock","16":"shipping-taxable","17":"product-type-simple","18":"has-product-nav","19":"col","20":"span_1_of_3","21":"owp-content-center","22":"owp-thumbs-layout-horizontal","23":"owp-btn-normal","24":"owp-tabs-layout-horizontal"},"acf":[],"jetpack_sharing_enabled":true,"_links":{"self":[{"href":"https:\/\/vlxdquedong.vn\/index.php?rest_route=\/wp\/v2\/product\/6574","targetHints":{"allow":["GET"]}}],"collection":[{"href":"https:\/\/vlxdquedong.vn\/index.php?rest_route=\/wp\/v2\/product"}],"about":[{"href":"https:\/\/vlxdquedong.vn\/index.php?rest_route=\/wp\/v2\/types\/product"}],"replies":[{"embeddable":true,"href":"https:\/\/vlxdquedong.vn\/index.php?rest_route=%2Fwp%2Fv2%2Fcomments&post=6574"}],"wp:featuredmedia":[{"embeddable":true,"href":"https:\/\/vlxdquedong.vn\/index.php?rest_route=\/wp\/v2\/media\/6645"}],"wp:attachment":[{"href":"https:\/\/vlxdquedong.vn\/index.php?rest_route=%2Fwp%2Fv2%2Fmedia&parent=6574"}],"wp:term":[{"taxonomy":"product_cat","embeddable":true,"href":"https:\/\/vlxdquedong.vn\/index.php?rest_route=%2Fwp%2Fv2%2Fproduct_cat&post=6574"},{"taxonomy":"product_tag","embeddable":true,"href":"https:\/\/vlxdquedong.vn\/index.php?rest_route=%2Fwp%2Fv2%2Fproduct_tag&post=6574"},{"taxonomy":"child-category","embeddable":true,"href":"https:\/\/vlxdquedong.vn\/index.php?rest_route=%2Fwp%2Fv2%2Fchild-category&post=6574"},{"taxonomy":"parent-category","embeddable":true,"href":"https:\/\/vlxdquedong.vn\/index.php?rest_route=%2Fwp%2Fv2%2Fparent-category&post=6574"}],"curies":[{"name":"wp","href":"https:\/\/api.w.org\/{rel}","templated":true}]}}