{"id":6733,"date":"2025-09-26T02:00:46","date_gmt":"2025-09-26T02:00:46","guid":{"rendered":"https:\/\/vlxdquedong.vn\/?post_type=product&#038;p=6733"},"modified":"2025-09-26T02:02:39","modified_gmt":"2025-09-26T02:02:39","slug":"gom-my-30","status":"publish","type":"product","link":"https:\/\/vlxdquedong.vn\/?product=gom-my-30","title":{"rendered":"G\u1ed1m M\u1ef9"},"content":{"rendered":"<p><strong>Gi\u1edbi thi\u1ec7u g\u1ea1ch s\u00e2n v\u01b0\u1eddn g\u1ed1m m\u1ef9 50&#215;50:<\/strong><\/p>\n<p>G\u1ea1ch s\u00e2n v\u01b0\u1eddn g\u1ed1m m\u1ef9 50&#215;50 l\u00e0 l\u1ef1a ch\u1ecdn l\u00fd t\u01b0\u1edfng cho nh\u1eefng c\u00f4ng tr\u00ecnh ngo\u1ea1i th\u1ea5t c\u1ea7n s\u1ef1 b\u1ec1n b\u1ec9 v\u00e0 t\u00ednh th\u1ea9m m\u1ef9 cao. V\u1edbi k\u00edch th\u01b0\u1edbc vu\u00f4ng 50&#215;50 cm, s\u1ea3n ph\u1ea9m mang \u0111\u1ebfn s\u1ef1 c\u00e2n \u0111\u1ed1i, d\u1ec5 d\u00e0ng thi c\u00f4ng v\u00e0 t\u1ea1o n\u00ean b\u1ec1 m\u1eb7t s\u00e2n v\u01b0\u1eddn g\u1ecdn g\u00e0ng, sang tr\u1ecdng.<\/p>\n<p>\u0110\u01b0\u1ee3c s\u1ea3n xu\u1ea5t tr\u00ean d\u00e2y chuy\u1ec1n hi\u1ec7n \u0111\u1ea1i, g\u1ea1ch c\u00f3 kh\u1ea3 n\u0103ng ch\u1ecbu l\u1ef1c t\u1ed1t, ch\u1ed1ng r\u00eau m\u1ed1c v\u00e0 h\u1ea1n ch\u1ebf tr\u01a1n tr\u01b0\u1ee3t, \u0111\u1ea3m b\u1ea3o an to\u00e0n khi di chuy\u1ec3n. B\u00e8 m\u1eb7t g\u1ea1ch c\u00f2n \u0111\u01b0\u1ee3c x\u1eed l\u00fd ch\u1ed1ng b\u00e1m b\u1ea9n, gi\u00fap vi\u1ec7c v\u1ec7 sinh, b\u1ea3o d\u01b0\u1ee1ng tr\u1edf n\u00ean nhanh ch\u00f3ng v\u00e0 thu\u1eadn ti\u1ec7n.<\/p>\n<p>Ngo\u00e0i \u01b0u \u0111i\u1ec3m v\u1ec1 ch\u1ea5t l\u01b0\u1ee3ng, g\u1ea1ch s\u00e2n v\u01b0\u1eddn g\u1ed1m m\u1ef9 50&#215;50 c\u00f2n g\u00e2y \u1ea5n t\u01b0\u1ee3ng b\u1edfi s\u1ef1 \u0111a d\u1ea1ng v\u1ec1 h\u1ecda ti\u1ebft v\u00e0 m\u00e0u s\u1eafc. T\u1eeb v\u00e2n \u0111\u00e1, gi\u1ea3 s\u1ecfi \u0111\u1ebfn hoa v\u0103n t\u1ef1 nhi\u00ean, m\u1ed7i s\u1ea3n ph\u1ea9m \u0111\u1ec1u g\u00f3p ph\u1ea7n mang \u0111\u1ebfn kh\u00f4ng gian s\u00e2n v\u01b0\u1eddn h\u00e0i h\u00f2a, g\u1ea7n g\u0169i v\u00e0 \u0111\u1ea7y t\u00ednh th\u1ea9m m\u1ef9.<\/p>\n<p>V\u1edbi \u0111\u1ed9 b\u00ean v\u01b0\u1ee3t tr\u1ed9i c\u00f9ng thi\u1ebft k\u1ebf \u0111\u1eb9p m\u1eaft, g\u1ea1ch s\u00e2n v\u01b0\u1eddn g\u1ed1m m\u1ef9 50&#215;50 ch\u00ednh l\u00e0 gi\u1ea3i ph\u00e1p ho\u00e0n h\u1ea3o \u0111\u1ec3 n\u00e2ng t\u1ea7m kh\u00f4ng gian s\u1ed1ng c\u1ee7a b\u1ea1n.<\/p>\n","protected":false},"excerpt":{"rendered":"<p>Gi\u1edbi thi\u1ec7u g\u1ea1ch s\u00e2n v\u01b0\u1eddn g\u1ed1m m\u1ef9 50&#215;50: G\u1ea1ch s\u00e2n v\u01b0\u1eddn g\u1ed1m m\u1ef9 50&#215;50 l\u00e0 l\u1ef1a ch\u1ecdn l\u00fd t\u01b0\u1edfng cho nh\u1eefng c\u00f4ng tr\u00ecnh ngo\u1ea1i th\u1ea5t c\u1ea7n s\u1ef1 b\u1ec1n b\u1ec9 v\u00e0 t\u00ednh th\u1ea9m m\u1ef9 cao. V\u1edbi k\u00edch th\u01b0\u1edbc vu\u00f4ng 50&#215;50 cm, s\u1ea3n ph\u1ea9m mang \u0111\u1ebfn s\u1ef1 c\u00e2n \u0111\u1ed1i, d\u1ec5 d\u00e0ng thi c\u00f4ng v\u00e0 t\u1ea1o n\u00ean b\u1ec1 [&hellip;]<\/p>\n","protected":false},"featured_media":6734,"comment_status":"open","ping_status":"closed","template":"","meta":{"_acf_changed":false,"_jet_sm_ready_style":"","_jet_sm_style":"","_jet_sm_controls_values":"","_jet_sm_fonts_collection":"","_jet_sm_fonts_links":""},"product_cat":[768],"product_tag":[416],"child-category":[767],"parent-category":[406],"class_list":{"0":"post-6733","1":"product","2":"type-product","3":"status-publish","4":"has-post-thumbnail","6":"product_cat-gach-san-vuon","7":"product_tag-dat-nung-trang-men","8":"child-category-gach-san-vuon","9":"parent-category-gach-lat","11":"entry","12":"has-media","14":"first","15":"instock","16":"shipping-taxable","17":"product-type-simple","18":"has-product-nav","19":"col","20":"span_1_of_3","21":"owp-content-center","22":"owp-thumbs-layout-horizontal","23":"owp-btn-normal","24":"owp-tabs-layout-horizontal","25":"has-no-thumbnails"},"acf":[],"jetpack_sharing_enabled":true,"_links":{"self":[{"href":"https:\/\/vlxdquedong.vn\/index.php?rest_route=\/wp\/v2\/product\/6733","targetHints":{"allow":["GET"]}}],"collection":[{"href":"https:\/\/vlxdquedong.vn\/index.php?rest_route=\/wp\/v2\/product"}],"about":[{"href":"https:\/\/vlxdquedong.vn\/index.php?rest_route=\/wp\/v2\/types\/product"}],"replies":[{"embeddable":true,"href":"https:\/\/vlxdquedong.vn\/index.php?rest_route=%2Fwp%2Fv2%2Fcomments&post=6733"}],"wp:featuredmedia":[{"embeddable":true,"href":"https:\/\/vlxdquedong.vn\/index.php?rest_route=\/wp\/v2\/media\/6734"}],"wp:attachment":[{"href":"https:\/\/vlxdquedong.vn\/index.php?rest_route=%2Fwp%2Fv2%2Fmedia&parent=6733"}],"wp:term":[{"taxonomy":"product_cat","embeddable":true,"href":"https:\/\/vlxdquedong.vn\/index.php?rest_route=%2Fwp%2Fv2%2Fproduct_cat&post=6733"},{"taxonomy":"product_tag","embeddable":true,"href":"https:\/\/vlxdquedong.vn\/index.php?rest_route=%2Fwp%2Fv2%2Fproduct_tag&post=6733"},{"taxonomy":"child-category","embeddable":true,"href":"https:\/\/vlxdquedong.vn\/index.php?rest_route=%2Fwp%2Fv2%2Fchild-category&post=6733"},{"taxonomy":"parent-category","embeddable":true,"href":"https:\/\/vlxdquedong.vn\/index.php?rest_route=%2Fwp%2Fv2%2Fparent-category&post=6733"}],"curies":[{"name":"wp","href":"https:\/\/api.w.org\/{rel}","templated":true}]}}