{"id":7222,"date":"2026-02-28T07:21:58","date_gmt":"2026-02-28T07:21:58","guid":{"rendered":"https:\/\/vlxdquedong.vn\/?post_type=product&#038;p=7222"},"modified":"2026-02-28T07:30:30","modified_gmt":"2026-02-28T07:30:30","slug":"vuong-chu-van","status":"publish","type":"product","link":"https:\/\/vlxdquedong.vn\/?product=vuong-chu-van","title":{"rendered":"Vu\u00f4ng Ch\u1eef V\u1ea1n"},"content":{"rendered":"<p><em><strong>1. Gi\u1edbi thi\u1ec7u s\u1ea3n ph\u1ea9m<\/strong><\/em><\/p>\n<p>G\u1ea1ch b\u00f4ng gi\u00f3 \u0111\u1ea5t nung Vu\u00f4ng Ch\u1eef V\u1ea1n l\u00e0 d\u00f2ng g\u1ea1ch th\u00f4ng gi\u00f3 trang tr\u00ed mang h\u1ecda ti\u1ebft ch\u1eef V\u1ea1n c\u00e1ch \u0111i\u1ec7u \u2013 bi\u1ec3u t\u01b0\u1ee3ng c\u1ee7a s\u1ef1 c\u00e1t t\u01b0\u1eddng, may m\u1eafn v\u00e0 b\u1ec1n v\u1eefng trong v\u0103n h\u00f3a \u00c1 \u0110\u00f4ng. S\u1ea3n ph\u1ea9m \u0111\u01b0\u1ee3c s\u1ea3n xu\u1ea5t t\u1eeb \u0111\u1ea5t s\u00e9t t\u1ef1 nhi\u00ean nung \u1edf nhi\u1ec7t \u0111\u1ed9 cao, cho m\u00e0u \u0111\u1ecf \u0111\u1ea5t truy\u1ec1n th\u1ed1ng v\u00e0 \u0111\u1ed9 b\u1ec1n cao theo th\u1eddi gian.<\/p>\n<p>Thi\u1ebft k\u1ebf vu\u00f4ng c\u00e2n \u0111\u1ed1i, h\u1ecda ti\u1ebft m\u1ea1nh m\u1ebd v\u00e0 r\u00f5 n\u00e9t gi\u00fap t\u1ea1o \u0111i\u1ec3m nh\u1ea5n \u1ea5n t\u01b0\u1ee3ng cho m\u1eb7t ti\u1ec1n, h\u00e0ng r\u00e0o ho\u1eb7c c\u00f4ng tr\u00ecnh mang phong c\u00e1ch truy\u1ec1n th\u1ed1ng, t\u00e2m linh ho\u1eb7c Indochine.<\/p>\n<p><em><strong>2. \u01afu \u0111i\u1ec3m n\u1ed5i b\u1eadt<\/strong><\/em><\/p>\n<ul>\n<li>H\u1ecda ti\u1ebft ch\u1eef V\u1ea1n mang \u00fd ngh\u0129a phong th\u1ee7y t\u1ed1t<\/li>\n<li>T\u0103ng kh\u1ea3 n\u0103ng l\u01b0u th\u00f4ng kh\u00f4ng kh\u00ed v\u00e0 l\u1ea5y s\u00e1ng t\u1ef1 nhi\u00ean<\/li>\n<li>\u0110\u1ea5t nung b\u1ec1n m\u00e0u, ch\u1ecbu m\u01b0a n\u1eafng t\u1ed1t<\/li>\n<li>Ph\u00f9 h\u1ee3p c\u00f4ng tr\u00ecnh nh\u00e0 \u1edf, bi\u1ec7t th\u1ef1, nh\u00e0 th\u1edd h\u1ecd<\/li>\n<li>T\u1ea1o hi\u1ec7u \u1ee9ng b\u00f3ng \u0111\u1ed5 \u0111\u1eb9p khi c\u00f3 \u00e1nh s\u00e1ng<\/li>\n<\/ul>\n<p>&nbsp;<\/p>\n<p><em><strong>3. \u1ee8ng d\u1ee5ng th\u1ef1c t\u1ebf<\/strong><\/em><\/p>\n<ul>\n<li>M\u1eb7t ti\u1ec1n nh\u00e0 ph\u1ed1<\/li>\n<li>H\u00e0ng r\u00e0o bi\u1ec7t th\u1ef1<\/li>\n<li>Nh\u00e0 th\u1edd h\u1ecd, c\u00f4ng tr\u00ecnh t\u00e2m linh<\/li>\n<li>T\u01b0\u1eddng s\u00e2n v\u01b0\u1eddn<\/li>\n<li>V\u00e1ch ng\u0103n trang tr\u00ed<\/li>\n<\/ul>\n","protected":false},"excerpt":{"rendered":"<p>1. Gi\u1edbi thi\u1ec7u s\u1ea3n ph\u1ea9m G\u1ea1ch b\u00f4ng gi\u00f3 \u0111\u1ea5t nung Vu\u00f4ng Ch\u1eef V\u1ea1n l\u00e0 d\u00f2ng g\u1ea1ch th\u00f4ng gi\u00f3 trang tr\u00ed mang h\u1ecda ti\u1ebft ch\u1eef V\u1ea1n c\u00e1ch \u0111i\u1ec7u \u2013 bi\u1ec3u t\u01b0\u1ee3ng c\u1ee7a s\u1ef1 c\u00e1t t\u01b0\u1eddng, may m\u1eafn v\u00e0 b\u1ec1n v\u1eefng trong v\u0103n h\u00f3a \u00c1 \u0110\u00f4ng. S\u1ea3n ph\u1ea9m \u0111\u01b0\u1ee3c s\u1ea3n xu\u1ea5t t\u1eeb \u0111\u1ea5t s\u00e9t t\u1ef1 nhi\u00ean nung [&hellip;]<\/p>\n","protected":false},"featured_media":7223,"comment_status":"open","ping_status":"closed","template":"","meta":{"_acf_changed":false,"_jet_sm_ready_style":"","_jet_sm_style":"","_jet_sm_controls_values":"","_jet_sm_fonts_collection":"","_jet_sm_fonts_links":""},"product_cat":[460],"product_tag":[],"child-category":[461],"parent-category":[408],"class_list":{"0":"post-7222","1":"product","2":"type-product","3":"status-publish","4":"has-post-thumbnail","6":"product_cat-bong-gio-dat-nung","7":"child-category-bong-gio-dat-nung","8":"parent-category-bong-gio","10":"entry","11":"has-media","13":"first","14":"instock","15":"shipping-taxable","16":"product-type-simple","17":"has-product-nav","18":"col","19":"span_1_of_3","20":"owp-content-center","21":"owp-thumbs-layout-horizontal","22":"owp-btn-normal","23":"owp-tabs-layout-horizontal","24":"has-no-thumbnails"},"acf":[],"jetpack_sharing_enabled":true,"_links":{"self":[{"href":"https:\/\/vlxdquedong.vn\/index.php?rest_route=\/wp\/v2\/product\/7222","targetHints":{"allow":["GET"]}}],"collection":[{"href":"https:\/\/vlxdquedong.vn\/index.php?rest_route=\/wp\/v2\/product"}],"about":[{"href":"https:\/\/vlxdquedong.vn\/index.php?rest_route=\/wp\/v2\/types\/product"}],"replies":[{"embeddable":true,"href":"https:\/\/vlxdquedong.vn\/index.php?rest_route=%2Fwp%2Fv2%2Fcomments&post=7222"}],"wp:featuredmedia":[{"embeddable":true,"href":"https:\/\/vlxdquedong.vn\/index.php?rest_route=\/wp\/v2\/media\/7223"}],"wp:attachment":[{"href":"https:\/\/vlxdquedong.vn\/index.php?rest_route=%2Fwp%2Fv2%2Fmedia&parent=7222"}],"wp:term":[{"taxonomy":"product_cat","embeddable":true,"href":"https:\/\/vlxdquedong.vn\/index.php?rest_route=%2Fwp%2Fv2%2Fproduct_cat&post=7222"},{"taxonomy":"product_tag","embeddable":true,"href":"https:\/\/vlxdquedong.vn\/index.php?rest_route=%2Fwp%2Fv2%2Fproduct_tag&post=7222"},{"taxonomy":"child-category","embeddable":true,"href":"https:\/\/vlxdquedong.vn\/index.php?rest_route=%2Fwp%2Fv2%2Fchild-category&post=7222"},{"taxonomy":"parent-category","embeddable":true,"href":"https:\/\/vlxdquedong.vn\/index.php?rest_route=%2Fwp%2Fv2%2Fparent-category&post=7222"}],"curies":[{"name":"wp","href":"https:\/\/api.w.org\/{rel}","templated":true}]}}