{"id":7225,"date":"2026-02-28T07:40:01","date_gmt":"2026-02-28T07:40:01","guid":{"rendered":"https:\/\/vlxdquedong.vn\/?post_type=product&#038;p=7225"},"modified":"2026-02-28T09:10:31","modified_gmt":"2026-02-28T09:10:31","slug":"hoa-co","status":"publish","type":"product","link":"https:\/\/vlxdquedong.vn\/?product=hoa-co","title":{"rendered":"Hoa C\u1ed5"},"content":{"rendered":"<p><em><strong>1. Gi\u1edbi thi\u1ec7u s\u1ea3n ph\u1ea9m<\/strong><\/em><\/p>\n<p>G\u1ea1ch b\u00f4ng gi\u00f3 \u0111\u1ea5t nung Hoa C\u1ed5 mang h\u1ecda ti\u1ebft hoa v\u0103n truy\u1ec1n th\u1ed1ng, l\u1ea5y c\u1ea3m h\u1ee9ng t\u1eeb ki\u1ebfn tr\u00fac c\u1ed5 \u0111i\u1ec3n Vi\u1ec7t Nam.<br \/>\nS\u1ea3n ph\u1ea9m \u0111\u01b0\u1ee3c s\u1ea3n xu\u1ea5t t\u1eeb \u0111\u1ea5t s\u00e9t t\u1ef1 nhi\u00ean nung \u1edf nhi\u1ec7t \u0111\u1ed9 cao, t\u1ea1o m\u00e0u \u0111\u1ecf \u0111\u1ea5t \u0111\u1eb7c tr\u01b0ng v\u00e0 \u0111\u1ed9 b\u1ec1n cao.<br \/>\nThi\u1ebft k\u1ebf v\u1eeba \u0111\u1ea3m b\u1ea3o c\u00f4ng n\u0103ng th\u00f4ng gi\u00f3 \u2013 l\u1ea5y s\u00e1ng t\u1ef1 nhi\u00ean, v\u1eeba t\u0103ng gi\u00e1 tr\u1ecb th\u1ea9m m\u1ef9 cho c\u00f4ng tr\u00ecnh.<br \/>\nPh\u00f9 h\u1ee3p phong c\u00e1ch Indochine, truy\u1ec1n th\u1ed1ng ho\u1eb7c ki\u1ebfn tr\u00fac hi\u1ec7n \u0111\u1ea1i k\u1ebft h\u1ee3p y\u1ebfu t\u1ed1 c\u1ed5 \u0111i\u1ec3n.<\/p>\n<p><em><strong>2. \u01afu \u0111i\u1ec3m n\u1ed5i b\u1eadt<\/strong><\/em><\/p>\n<p>T\u0103ng kh\u1ea3 n\u0103ng l\u01b0u th\u00f4ng kh\u00f4ng kh\u00ed, gi\u1ea3m b\u00ed b\u00e1ch kh\u00f4ng gian<br \/>\nT\u1ea1o hi\u1ec7u \u1ee9ng \u00e1nh s\u00e1ng v\u00e0 b\u00f3ng \u0111\u1ed5 \u0111\u1eb9p<br \/>\n\u0110\u1ea5t nung b\u1ec1n m\u00e0u, ch\u1ecbu m\u01b0a n\u1eafng t\u1ed1t<br \/>\nD\u1ec5 thi c\u00f4ng v\u00e0 b\u1ea3o tr\u00ec<br \/>\nPh\u00f9 h\u1ee3p n\u1ed9i th\u1ea5t v\u00e0 ngo\u1ea1i th\u1ea5t<\/p>\n<p><em><strong>3. \u1ee8ng d\u1ee5ng th\u1ef1c t\u1ebf<\/strong><\/em><\/p>\n<p>M\u1eb7t ti\u1ec1n nh\u00e0 ph\u1ed1<br \/>\nH\u00e0ng r\u00e0o bi\u1ec7t th\u1ef1<br \/>\nT\u01b0\u1eddng s\u00e2n v\u01b0\u1eddn<br \/>\nV\u00e1ch ng\u0103n trang tr\u00ed<br \/>\nQu\u00e1n caf\u00e9 phong c\u00e1ch Indochine<\/p>\n","protected":false},"excerpt":{"rendered":"<p>1. Gi\u1edbi thi\u1ec7u s\u1ea3n ph\u1ea9m G\u1ea1ch b\u00f4ng gi\u00f3 \u0111\u1ea5t nung Hoa C\u1ed5 mang h\u1ecda ti\u1ebft hoa v\u0103n truy\u1ec1n th\u1ed1ng, l\u1ea5y c\u1ea3m h\u1ee9ng t\u1eeb ki\u1ebfn tr\u00fac c\u1ed5 \u0111i\u1ec3n Vi\u1ec7t Nam. S\u1ea3n ph\u1ea9m \u0111\u01b0\u1ee3c s\u1ea3n xu\u1ea5t t\u1eeb \u0111\u1ea5t s\u00e9t t\u1ef1 nhi\u00ean nung \u1edf nhi\u1ec7t \u0111\u1ed9 cao, t\u1ea1o m\u00e0u \u0111\u1ecf \u0111\u1ea5t \u0111\u1eb7c tr\u01b0ng v\u00e0 \u0111\u1ed9 b\u1ec1n cao. Thi\u1ebft [&hellip;]<\/p>\n","protected":false},"featured_media":7227,"comment_status":"open","ping_status":"closed","template":"","meta":{"_acf_changed":false,"_jet_sm_ready_style":"","_jet_sm_style":"","_jet_sm_controls_values":"","_jet_sm_fonts_collection":"","_jet_sm_fonts_links":""},"product_cat":[460],"product_tag":[],"child-category":[461],"parent-category":[408],"class_list":{"0":"post-7225","1":"product","2":"type-product","3":"status-publish","4":"has-post-thumbnail","6":"product_cat-bong-gio-dat-nung","7":"child-category-bong-gio-dat-nung","8":"parent-category-bong-gio","10":"entry","11":"has-media","13":"first","14":"instock","15":"shipping-taxable","16":"product-type-simple","17":"has-product-nav","18":"col","19":"span_1_of_3","20":"owp-content-center","21":"owp-thumbs-layout-horizontal","22":"owp-btn-normal","23":"owp-tabs-layout-horizontal"},"acf":[],"jetpack_sharing_enabled":true,"_links":{"self":[{"href":"https:\/\/vlxdquedong.vn\/index.php?rest_route=\/wp\/v2\/product\/7225","targetHints":{"allow":["GET"]}}],"collection":[{"href":"https:\/\/vlxdquedong.vn\/index.php?rest_route=\/wp\/v2\/product"}],"about":[{"href":"https:\/\/vlxdquedong.vn\/index.php?rest_route=\/wp\/v2\/types\/product"}],"replies":[{"embeddable":true,"href":"https:\/\/vlxdquedong.vn\/index.php?rest_route=%2Fwp%2Fv2%2Fcomments&post=7225"}],"wp:featuredmedia":[{"embeddable":true,"href":"https:\/\/vlxdquedong.vn\/index.php?rest_route=\/wp\/v2\/media\/7227"}],"wp:attachment":[{"href":"https:\/\/vlxdquedong.vn\/index.php?rest_route=%2Fwp%2Fv2%2Fmedia&parent=7225"}],"wp:term":[{"taxonomy":"product_cat","embeddable":true,"href":"https:\/\/vlxdquedong.vn\/index.php?rest_route=%2Fwp%2Fv2%2Fproduct_cat&post=7225"},{"taxonomy":"product_tag","embeddable":true,"href":"https:\/\/vlxdquedong.vn\/index.php?rest_route=%2Fwp%2Fv2%2Fproduct_tag&post=7225"},{"taxonomy":"child-category","embeddable":true,"href":"https:\/\/vlxdquedong.vn\/index.php?rest_route=%2Fwp%2Fv2%2Fchild-category&post=7225"},{"taxonomy":"parent-category","embeddable":true,"href":"https:\/\/vlxdquedong.vn\/index.php?rest_route=%2Fwp%2Fv2%2Fparent-category&post=7225"}],"curies":[{"name":"wp","href":"https:\/\/api.w.org\/{rel}","templated":true}]}}