{"id":7240,"date":"2026-02-28T09:29:01","date_gmt":"2026-02-28T09:29:01","guid":{"rendered":"https:\/\/vlxdquedong.vn\/?post_type=product&#038;p=7240"},"modified":"2026-02-28T09:29:01","modified_gmt":"2026-02-28T09:29:01","slug":"chu-van-xanh","status":"publish","type":"product","link":"https:\/\/vlxdquedong.vn\/?product=chu-van-xanh","title":{"rendered":"Ch\u1eef V\u1ea1n Xanh"},"content":{"rendered":"<p><em><strong>1. Gi\u1edbi thi\u1ec7u s\u1ea3n ph\u1ea9m<\/strong><\/em><\/p>\n<ul>\n<li>B\u00f4ng gi\u00f3 Tr\u00e1ng Men Ch\u1eef V\u1ea1n Xanh l\u00e0 d\u00f2ng g\u1ea1ch th\u00f4ng gi\u00f3 trang tr\u00ed cao c\u1ea5p mang h\u1ecda ti\u1ebft ch\u1eef V\u1ea1n \u2013 bi\u1ec3u t\u01b0\u1ee3ng c\u1ee7a s\u1ef1 c\u00e1t t\u01b0\u1eddng, b\u1ec1n v\u1eefng v\u00e0 th\u1ecbnh v\u01b0\u1ee3ng.<\/li>\n<li>B\u1ec1 m\u1eb7t \u0111\u01b0\u1ee3c ph\u1ee7 l\u1edbp men v\u00e0ng sang tr\u1ecdng, t\u1ea1o \u0111i\u1ec3m nh\u1ea5n n\u1ed5i b\u1eadt cho m\u1eb7t ti\u1ec1n v\u00e0 c\u00f4ng tr\u00ecnh phong th\u1ee7y.<\/li>\n<li>S\u1ea3n ph\u1ea9m v\u1eeba \u0111\u1ea3m b\u1ea3o kh\u1ea3 n\u0103ng th\u00f4ng gi\u00f3 \u2013 l\u1ea5y s\u00e1ng t\u1ef1 nhi\u00ean, v\u1eeba n\u00e2ng cao gi\u00e1 tr\u1ecb th\u1ea9m m\u1ef9 v\u00e0 y\u1ebfu t\u1ed1 t\u00e2m linh.<\/li>\n<li>Ph\u00f9 h\u1ee3p bi\u1ec7t th\u1ef1, nh\u00e0 th\u1edd h\u1ecd, c\u00f4ng tr\u00ecnh truy\u1ec1n th\u1ed1ng, kh\u00f4ng gian mang phong c\u00e1ch Indochine cao c\u1ea5p.<\/li>\n<\/ul>\n<p>&nbsp;<\/p>\n<p><em><strong>2. \u01afu \u0111i\u1ec3m n\u1ed5i b\u1eadt<\/strong><\/em><\/p>\n<ul>\n<li>H\u1ecda ti\u1ebft ch\u1eef V\u1ea1n mang \u00fd ngh\u0129a phong th\u1ee7y t\u1ed1t<\/li>\n<li>L\u1edbp men v\u00e0ng b\u1ec1n m\u00e0u, d\u1ec5 v\u1ec7 sinh<\/li>\n<li>Ch\u1ed1ng th\u1ea5m v\u00e0 ch\u1ecbu th\u1eddi ti\u1ebft t\u1ed1t<\/li>\n<li>T\u1ea1o hi\u1ec7u \u1ee9ng \u00e1nh s\u00e1ng v\u00e0 b\u00f3ng \u0111\u1ed5 \u0111\u1eb9p<\/li>\n<li>Gia t\u0103ng s\u1ef1 sang tr\u1ecdng cho c\u00f4ng tr\u00ecnh<\/li>\n<\/ul>\n<p>&nbsp;<\/p>\n<p><em><strong>3. \u1ee8ng d\u1ee5ng th\u1ef1c t\u1ebf<\/strong><\/em><\/p>\n<ul>\n<li>M\u1eb7t ti\u1ec1n nh\u00e0 ph\u1ed1<\/li>\n<li>H\u00e0ng r\u00e0o bi\u1ec7t th\u1ef1<\/li>\n<li>Nh\u00e0 th\u1edd h\u1ecd, c\u00f4ng tr\u00ecnh t\u00e2m linh<\/li>\n<li>T\u01b0\u1eddng trang tr\u00ed s\u00e2n v\u01b0\u1eddn<\/li>\n<li>V\u00e1ch ng\u0103n n\u1ed9i ngo\u1ea1i th\u1ea5t cao c\u1ea5p<\/li>\n<\/ul>\n","protected":false},"excerpt":{"rendered":"<p>1. Gi\u1edbi thi\u1ec7u s\u1ea3n ph\u1ea9m B\u00f4ng gi\u00f3 Tr\u00e1ng Men Ch\u1eef V\u1ea1n Xanh l\u00e0 d\u00f2ng g\u1ea1ch th\u00f4ng gi\u00f3 trang tr\u00ed cao c\u1ea5p mang h\u1ecda ti\u1ebft ch\u1eef V\u1ea1n \u2013 bi\u1ec3u t\u01b0\u1ee3ng c\u1ee7a s\u1ef1 c\u00e1t t\u01b0\u1eddng, b\u1ec1n v\u1eefng v\u00e0 th\u1ecbnh v\u01b0\u1ee3ng. B\u1ec1 m\u1eb7t \u0111\u01b0\u1ee3c ph\u1ee7 l\u1edbp men v\u00e0ng sang tr\u1ecdng, t\u1ea1o \u0111i\u1ec3m nh\u1ea5n n\u1ed5i b\u1eadt cho m\u1eb7t ti\u1ec1n [&hellip;]<\/p>\n","protected":false},"featured_media":7238,"comment_status":"open","ping_status":"closed","template":"","meta":{"_acf_changed":false,"_jet_sm_ready_style":"","_jet_sm_style":"","_jet_sm_controls_values":"","_jet_sm_fonts_collection":"","_jet_sm_fonts_links":""},"product_cat":[458],"product_tag":[],"child-category":[459],"parent-category":[408],"class_list":{"0":"post-7240","1":"product","2":"type-product","3":"status-publish","4":"has-post-thumbnail","6":"product_cat-bong-gio-trang-men","7":"child-category-bong-gio-trang-men","8":"parent-category-bong-gio","10":"entry","11":"has-media","13":"first","14":"instock","15":"shipping-taxable","16":"product-type-simple","17":"has-product-nav","18":"col","19":"span_1_of_3","20":"owp-content-center","21":"owp-thumbs-layout-horizontal","22":"owp-btn-normal","23":"owp-tabs-layout-horizontal","24":"has-no-thumbnails"},"acf":[],"jetpack_sharing_enabled":true,"_links":{"self":[{"href":"https:\/\/vlxdquedong.vn\/index.php?rest_route=\/wp\/v2\/product\/7240","targetHints":{"allow":["GET"]}}],"collection":[{"href":"https:\/\/vlxdquedong.vn\/index.php?rest_route=\/wp\/v2\/product"}],"about":[{"href":"https:\/\/vlxdquedong.vn\/index.php?rest_route=\/wp\/v2\/types\/product"}],"replies":[{"embeddable":true,"href":"https:\/\/vlxdquedong.vn\/index.php?rest_route=%2Fwp%2Fv2%2Fcomments&post=7240"}],"wp:featuredmedia":[{"embeddable":true,"href":"https:\/\/vlxdquedong.vn\/index.php?rest_route=\/wp\/v2\/media\/7238"}],"wp:attachment":[{"href":"https:\/\/vlxdquedong.vn\/index.php?rest_route=%2Fwp%2Fv2%2Fmedia&parent=7240"}],"wp:term":[{"taxonomy":"product_cat","embeddable":true,"href":"https:\/\/vlxdquedong.vn\/index.php?rest_route=%2Fwp%2Fv2%2Fproduct_cat&post=7240"},{"taxonomy":"product_tag","embeddable":true,"href":"https:\/\/vlxdquedong.vn\/index.php?rest_route=%2Fwp%2Fv2%2Fproduct_tag&post=7240"},{"taxonomy":"child-category","embeddable":true,"href":"https:\/\/vlxdquedong.vn\/index.php?rest_route=%2Fwp%2Fv2%2Fchild-category&post=7240"},{"taxonomy":"parent-category","embeddable":true,"href":"https:\/\/vlxdquedong.vn\/index.php?rest_route=%2Fwp%2Fv2%2Fparent-category&post=7240"}],"curies":[{"name":"wp","href":"https:\/\/api.w.org\/{rel}","templated":true}]}}