{"id":7241,"date":"2026-02-28T09:32:52","date_gmt":"2026-02-28T09:32:52","guid":{"rendered":"https:\/\/vlxdquedong.vn\/?post_type=product&#038;p=7241"},"modified":"2026-02-28T09:33:32","modified_gmt":"2026-02-28T09:33:32","slug":"hoa-buoi-xanh","status":"publish","type":"product","link":"https:\/\/vlxdquedong.vn\/?product=hoa-buoi-xanh","title":{"rendered":"Hoa B\u01b0\u1edfi Xanh"},"content":{"rendered":"<p><em><strong>1. Gi\u1edbi thi\u1ec7u s\u1ea3n ph\u1ea9m<\/strong><\/em><\/p>\n<ul>\n<li>B\u00f4ng gi\u00f3 Tr\u00e1ng Men Hoa B\u01b0\u1edfi Xanh l\u00e0 d\u00f2ng g\u1ea1ch th\u00f4ng gi\u00f3 trang tr\u00ed cao c\u1ea5p v\u1edbi h\u1ecda ti\u1ebft hoa b\u01b0\u1edfi m\u1ec1m m\u1ea1i, tinh t\u1ebf.<\/li>\n<li>B\u1ec1 m\u1eb7t \u0111\u01b0\u1ee3c ph\u1ee7 l\u1edbp men xanh n\u1ed5i b\u1eadt, t\u1ea1o c\u1ea3m gi\u00e1c t\u01b0\u01a1i m\u00e1t v\u00e0 hi\u1ec7n \u0111\u1ea1i cho c\u00f4ng tr\u00ecnh.<\/li>\n<li>S\u1ea3n ph\u1ea9m v\u1eeba \u0111\u1ea3m b\u1ea3o ch\u1ee9c n\u0103ng th\u00f4ng gi\u00f3 \u2013 l\u1ea5y s\u00e1ng t\u1ef1 nhi\u00ean, v\u1eeba t\u0103ng t\u00ednh th\u1ea9m m\u1ef9 cho m\u1eb7t ti\u1ec1n v\u00e0 kh\u00f4ng gian n\u1ed9i th\u1ea5t.<\/li>\n<li>Ph\u00f9 h\u1ee3p nh\u00e0 ph\u1ed1 hi\u1ec7n \u0111\u1ea1i, qu\u00e1n caf\u00e9, resort ho\u1eb7c c\u00f4ng tr\u00ecnh phong c\u00e1ch Tropical \u2013 \u0110\u1ecba Trung H\u1ea3i.<\/li>\n<\/ul>\n<p>&nbsp;<\/p>\n<p><em><strong>2. \u01afu \u0111i\u1ec3m n\u1ed5i b\u1eadt<\/strong><\/em><\/p>\n<ul>\n<li>L\u1edbp men xanh b\u1ec1n m\u00e0u, d\u1ec5 v\u1ec7 sinh<\/li>\n<li>T\u0103ng hi\u1ec7u qu\u1ea3 ch\u1ed1ng th\u1ea5m so v\u1edbi g\u1ea1ch kh\u00f4ng tr\u00e1ng men<\/li>\n<li>T\u1ea1o hi\u1ec7u \u1ee9ng \u00e1nh s\u00e1ng v\u00e0 b\u00f3ng \u0111\u1ed5 \u0111\u1eb9p<\/li>\n<li>Th\u00f4ng gi\u00f3 t\u1ef1 nhi\u00ean, gi\u1ea3m h\u1ea5p th\u1ee5 nhi\u1ec7t<\/li>\n<li>Ph\u00f9 h\u1ee3p c\u1ea3 n\u1ed9i th\u1ea5t v\u00e0 ngo\u1ea1i th\u1ea5t<\/li>\n<\/ul>\n<p>&nbsp;<\/p>\n<p><em><strong>3. \u1ee8ng d\u1ee5ng th\u1ef1c t\u1ebf<\/strong><\/em><\/p>\n<ul>\n<li>M\u1eb7t ti\u1ec1n nh\u00e0 ph\u1ed1<\/li>\n<li>V\u00e1ch ng\u0103n qu\u00e1n caf\u00e9, nh\u00e0 h\u00e0ng<\/li>\n<li>T\u01b0\u1eddng trang tr\u00ed s\u00e2n v\u01b0\u1eddn<\/li>\n<li>Gi\u1ebfng tr\u1eddi v\u00e0 c\u1ea7u thang<\/li>\n<li>Resort, homestay phong c\u00e1ch nhi\u1ec7t \u0111\u1edbi<\/li>\n<\/ul>\n","protected":false},"excerpt":{"rendered":"<p>1. Gi\u1edbi thi\u1ec7u s\u1ea3n ph\u1ea9m B\u00f4ng gi\u00f3 Tr\u00e1ng Men Hoa B\u01b0\u1edfi Xanh l\u00e0 d\u00f2ng g\u1ea1ch th\u00f4ng gi\u00f3 trang tr\u00ed cao c\u1ea5p v\u1edbi h\u1ecda ti\u1ebft hoa b\u01b0\u1edfi m\u1ec1m m\u1ea1i, tinh t\u1ebf. B\u1ec1 m\u1eb7t \u0111\u01b0\u1ee3c ph\u1ee7 l\u1edbp men xanh n\u1ed5i b\u1eadt, t\u1ea1o c\u1ea3m gi\u00e1c t\u01b0\u01a1i m\u00e1t v\u00e0 hi\u1ec7n \u0111\u1ea1i cho c\u00f4ng tr\u00ecnh. S\u1ea3n ph\u1ea9m v\u1eeba \u0111\u1ea3m b\u1ea3o [&hellip;]<\/p>\n","protected":false},"featured_media":7237,"comment_status":"open","ping_status":"closed","template":"","meta":{"_acf_changed":false,"_jet_sm_ready_style":"","_jet_sm_style":"","_jet_sm_controls_values":"","_jet_sm_fonts_collection":"","_jet_sm_fonts_links":""},"product_cat":[458],"product_tag":[],"child-category":[459],"parent-category":[408],"class_list":{"0":"post-7241","1":"product","2":"type-product","3":"status-publish","4":"has-post-thumbnail","6":"product_cat-bong-gio-trang-men","7":"child-category-bong-gio-trang-men","8":"parent-category-bong-gio","10":"entry","11":"has-media","13":"first","14":"instock","15":"shipping-taxable","16":"product-type-simple","17":"has-product-nav","18":"col","19":"span_1_of_3","20":"owp-content-center","21":"owp-thumbs-layout-horizontal","22":"owp-btn-normal","23":"owp-tabs-layout-horizontal","24":"has-no-thumbnails"},"acf":[],"jetpack_sharing_enabled":true,"_links":{"self":[{"href":"https:\/\/vlxdquedong.vn\/index.php?rest_route=\/wp\/v2\/product\/7241","targetHints":{"allow":["GET"]}}],"collection":[{"href":"https:\/\/vlxdquedong.vn\/index.php?rest_route=\/wp\/v2\/product"}],"about":[{"href":"https:\/\/vlxdquedong.vn\/index.php?rest_route=\/wp\/v2\/types\/product"}],"replies":[{"embeddable":true,"href":"https:\/\/vlxdquedong.vn\/index.php?rest_route=%2Fwp%2Fv2%2Fcomments&post=7241"}],"wp:featuredmedia":[{"embeddable":true,"href":"https:\/\/vlxdquedong.vn\/index.php?rest_route=\/wp\/v2\/media\/7237"}],"wp:attachment":[{"href":"https:\/\/vlxdquedong.vn\/index.php?rest_route=%2Fwp%2Fv2%2Fmedia&parent=7241"}],"wp:term":[{"taxonomy":"product_cat","embeddable":true,"href":"https:\/\/vlxdquedong.vn\/index.php?rest_route=%2Fwp%2Fv2%2Fproduct_cat&post=7241"},{"taxonomy":"product_tag","embeddable":true,"href":"https:\/\/vlxdquedong.vn\/index.php?rest_route=%2Fwp%2Fv2%2Fproduct_tag&post=7241"},{"taxonomy":"child-category","embeddable":true,"href":"https:\/\/vlxdquedong.vn\/index.php?rest_route=%2Fwp%2Fv2%2Fchild-category&post=7241"},{"taxonomy":"parent-category","embeddable":true,"href":"https:\/\/vlxdquedong.vn\/index.php?rest_route=%2Fwp%2Fv2%2Fparent-category&post=7241"}],"curies":[{"name":"wp","href":"https:\/\/api.w.org\/{rel}","templated":true}]}}