{"id":7242,"date":"2026-02-28T09:36:32","date_gmt":"2026-02-28T09:36:32","guid":{"rendered":"https:\/\/vlxdquedong.vn\/?post_type=product&#038;p=7242"},"modified":"2026-02-28T09:36:32","modified_gmt":"2026-02-28T09:36:32","slug":"hoa-roi-vang","status":"publish","type":"product","link":"https:\/\/vlxdquedong.vn\/?product=hoa-roi-vang","title":{"rendered":"Hoa Roi V\u00e0ng"},"content":{"rendered":"<p><em><strong>1. Gi\u1edbi thi\u1ec7u s\u1ea3n ph\u1ea9m<\/strong><\/em><\/p>\n<ul>\n<li>B\u00f4ng gi\u00f3 Tr\u00e1ng Men Hoa Roi V\u00e0ng l\u00e0 d\u00f2ng g\u1ea1ch th\u00f4ng gi\u00f3 trang tr\u00ed cao c\u1ea5p v\u1edbi h\u1ecda ti\u1ebft hoa roi m\u1ec1m m\u1ea1i, c\u00e2n \u0111\u1ed1i.<\/li>\n<li>B\u1ec1 m\u1eb7t ph\u1ee7 men v\u00e0ng n\u1ed5i b\u1eadt, t\u1ea1o \u0111i\u1ec3m nh\u1ea5n sang tr\u1ecdng v\u00e0 \u1ea5m \u00e1p cho c\u00f4ng tr\u00ecnh.<\/li>\n<li>S\u1ea3n ph\u1ea9m k\u1ebft h\u1ee3p ho\u00e0n h\u1ea3o gi\u1eefa c\u00f4ng n\u0103ng th\u00f4ng gi\u00f3 \u2013 l\u1ea5y s\u00e1ng t\u1ef1 nhi\u00ean v\u00e0 y\u1ebfu t\u1ed1 th\u1ea9m m\u1ef9 ki\u1ebfn tr\u00fac.<\/li>\n<li>Ph\u00f9 h\u1ee3p v\u1edbi nh\u00e0 ph\u1ed1 hi\u1ec7n \u0111\u1ea1i, qu\u00e1n caf\u00e9, nh\u00e0 h\u00e0ng, resort ho\u1eb7c c\u00f4ng tr\u00ecnh mang phong c\u00e1ch \u0110\u00f4ng D\u01b0\u01a1ng \u2013 Tropical.<\/li>\n<\/ul>\n<p>&nbsp;<\/p>\n<p><em><strong>2. \u01afu \u0111i\u1ec3m n\u1ed5i b\u1eadt<\/strong><\/em><\/p>\n<ul>\n<li>L\u1edbp men v\u00e0ng b\u1ec1n m\u00e0u, h\u1ea1n ch\u1ebf b\u00e1m b\u1ea9n<\/li>\n<li>T\u0103ng kh\u1ea3 n\u0103ng ch\u1ed1ng th\u1ea5m so v\u1edbi b\u00f4ng gi\u00f3 th\u00f4<\/li>\n<li>T\u1ea1o hi\u1ec7u \u1ee9ng \u00e1nh s\u00e1ng \u2013 b\u00f3ng \u0111\u1ed5 \u0111\u1eb9p khi c\u00f3 n\u1eafng<\/li>\n<li>H\u1ed7 tr\u1ee3 l\u01b0u th\u00f4ng kh\u00f4ng kh\u00ed t\u1ef1 nhi\u00ean<\/li>\n<li>D\u1ec5 ph\u1ed1i c\u00f9ng t\u01b0\u1eddng tr\u1eafng, b\u00ea t\u00f4ng ho\u1eb7c g\u1ea1ch m\u1ed9c<\/li>\n<\/ul>\n<p>&nbsp;<\/p>\n<p><em><strong>3. \u1ee8ng d\u1ee5ng th\u1ef1c t\u1ebf<\/strong><\/em><\/p>\n<ul>\n<li>M\u1eb7t ti\u1ec1n nh\u00e0 ph\u1ed1<\/li>\n<li>V\u00e1ch ng\u0103n trang tr\u00ed n\u1ed9i th\u1ea5t<\/li>\n<li>T\u01b0\u1eddng s\u00e2n v\u01b0\u1eddn<\/li>\n<li>Khu v\u1ef1c gi\u1ebfng tr\u1eddi \u2013 c\u1ea7u thang<\/li>\n<li>Qu\u00e1n caf\u00e9, homestay phong c\u00e1ch nhi\u1ec7t \u0111\u1edbi<\/li>\n<\/ul>\n","protected":false},"excerpt":{"rendered":"<p>1. Gi\u1edbi thi\u1ec7u s\u1ea3n ph\u1ea9m B\u00f4ng gi\u00f3 Tr\u00e1ng Men Hoa Roi V\u00e0ng l\u00e0 d\u00f2ng g\u1ea1ch th\u00f4ng gi\u00f3 trang tr\u00ed cao c\u1ea5p v\u1edbi h\u1ecda ti\u1ebft hoa roi m\u1ec1m m\u1ea1i, c\u00e2n \u0111\u1ed1i. B\u1ec1 m\u1eb7t ph\u1ee7 men v\u00e0ng n\u1ed5i b\u1eadt, t\u1ea1o \u0111i\u1ec3m nh\u1ea5n sang tr\u1ecdng v\u00e0 \u1ea5m \u00e1p cho c\u00f4ng tr\u00ecnh. S\u1ea3n ph\u1ea9m k\u1ebft h\u1ee3p ho\u00e0n h\u1ea3o gi\u1eefa [&hellip;]<\/p>\n","protected":false},"featured_media":7236,"comment_status":"open","ping_status":"closed","template":"","meta":{"_acf_changed":false,"_jet_sm_ready_style":"","_jet_sm_style":"","_jet_sm_controls_values":"","_jet_sm_fonts_collection":"","_jet_sm_fonts_links":""},"product_cat":[458],"product_tag":[],"child-category":[459],"parent-category":[408],"class_list":{"0":"post-7242","1":"product","2":"type-product","3":"status-publish","4":"has-post-thumbnail","6":"product_cat-bong-gio-trang-men","7":"child-category-bong-gio-trang-men","8":"parent-category-bong-gio","10":"entry","11":"has-media","13":"first","14":"instock","15":"shipping-taxable","16":"product-type-simple","17":"has-product-nav","18":"col","19":"span_1_of_3","20":"owp-content-center","21":"owp-thumbs-layout-horizontal","22":"owp-btn-normal","23":"owp-tabs-layout-horizontal","24":"has-no-thumbnails"},"acf":[],"jetpack_sharing_enabled":true,"_links":{"self":[{"href":"https:\/\/vlxdquedong.vn\/index.php?rest_route=\/wp\/v2\/product\/7242","targetHints":{"allow":["GET"]}}],"collection":[{"href":"https:\/\/vlxdquedong.vn\/index.php?rest_route=\/wp\/v2\/product"}],"about":[{"href":"https:\/\/vlxdquedong.vn\/index.php?rest_route=\/wp\/v2\/types\/product"}],"replies":[{"embeddable":true,"href":"https:\/\/vlxdquedong.vn\/index.php?rest_route=%2Fwp%2Fv2%2Fcomments&post=7242"}],"wp:featuredmedia":[{"embeddable":true,"href":"https:\/\/vlxdquedong.vn\/index.php?rest_route=\/wp\/v2\/media\/7236"}],"wp:attachment":[{"href":"https:\/\/vlxdquedong.vn\/index.php?rest_route=%2Fwp%2Fv2%2Fmedia&parent=7242"}],"wp:term":[{"taxonomy":"product_cat","embeddable":true,"href":"https:\/\/vlxdquedong.vn\/index.php?rest_route=%2Fwp%2Fv2%2Fproduct_cat&post=7242"},{"taxonomy":"product_tag","embeddable":true,"href":"https:\/\/vlxdquedong.vn\/index.php?rest_route=%2Fwp%2Fv2%2Fproduct_tag&post=7242"},{"taxonomy":"child-category","embeddable":true,"href":"https:\/\/vlxdquedong.vn\/index.php?rest_route=%2Fwp%2Fv2%2Fchild-category&post=7242"},{"taxonomy":"parent-category","embeddable":true,"href":"https:\/\/vlxdquedong.vn\/index.php?rest_route=%2Fwp%2Fv2%2Fparent-category&post=7242"}],"curies":[{"name":"wp","href":"https:\/\/api.w.org\/{rel}","templated":true}]}}